{"id":3283,"date":"2024-10-21T15:32:47","date_gmt":"2024-10-21T15:32:47","guid":{"rendered":"https:\/\/stratoevents.com\/legal-notice\/"},"modified":"2024-10-22T10:27:26","modified_gmt":"2024-10-22T10:27:26","slug":"legal-notice","status":"publish","type":"page","link":"https:\/\/stratoevents.com\/en\/legal-notice\/","title":{"rendered":"Legal Notice"},"content":{"rendered":"\t\t<div data-elementor-type=\"wp-page\" data-elementor-id=\"3283\" class=\"elementor elementor-3283 elementor-3024\" data-elementor-post-type=\"page\">\n\t\t\t\t<div class=\"elementor-element elementor-element-13214d5 e-flex e-con-boxed e-con e-parent\" data-id=\"13214d5\" data-element_type=\"container\" data-e-type=\"container\">\n\t\t\t\t\t<div class=\"e-con-inner\">\n\t\t\t\t<div class=\"elementor-element elementor-element-7917704 elementor-widget elementor-widget-text-editor\" data-id=\"7917704\" data-element_type=\"widget\" data-e-type=\"widget\" data-widget_type=\"text-editor.default\">\n\t\t\t\t<div class=\"elementor-widget-container\">\n\t\t\t\t\t\t\t\t\t<p>The website <a href=\"https:\/\/stratoevents.com\/en\/\" target=\"_new\" rel=\"noopener\">https:\/\/stratoevents.com<\/a> is the property of <strong>FRANCISCA PIZ\u00c1 PALMER<\/strong>, with <strong>NIF:<\/strong> 43079681Z, and domiciled at <strong>C\/ GREMI CIRURGIANS I BARBERS 25, block B 2.3, 07009<\/strong>. For any queries, you can contact us by e-mail at <strong><a rel=\"noopener\">hello@stratoevents.com<\/a><\/strong> or by phone at <strong>649764465.<\/strong> <\/p>\n<p><strong>1. Purpose<\/strong><\/p>\n<p>This Legal Notice regulates the access, navigation and use of the website <a href=\"https:\/\/stratoevents.com\/en\/\" target=\"_new\" rel=\"noopener\">https:\/\/stratoevents.com.<\/a> The access and use of this website attributes the condition of user and implies the acceptance of all the conditions included in this Legal Notice. <\/p>\n<p><strong>2. Conditions of Use<\/strong><\/p>\n<p>The user agrees to make proper use of the website and the contents offered, respecting at all times the current legislation, morality and generally accepted good customs and public order. The user will refrain from performing any act that may damage, disable or overload the website, or prevent, in any way, its normal use. <\/p>\n<p><strong>3. Intellectual and Industrial Property<\/strong><\/p>\n<p>The contents of this website, including, but not limited to, texts, images, designs, logos, source code and any other material, are protected by intellectual and industrial property rights owned by Strato Events or, if applicable, by third parties. The reproduction, distribution, transformation, or any other form of exploitation, without the prior written consent of the holder of the rights, is prohibited. <\/p>\n<p><strong>4. Responsibility<\/strong><\/p>\n<p>Strato Events is not responsible for damages of any nature that may derive from the availability, continuity or correct functioning of the website, as well as errors or omissions in its contents. The website may contain links to other websites managed by third parties, without Strato Events being responsible for the contents offered therein. <\/p>\n<p><strong>5. Data Protection<\/strong><\/p>\n<p>In compliance with current legislation on data protection, Strato Events guarantees the protection and confidentiality of the personal data of its users, which will be treated in accordance with the provisions of the <strong>Privacy Policy<\/strong> available on this website.<\/p>\n<p><strong>6. Applicable Law and Jurisdiction<\/strong><\/p>\n<p>The relations established between Strato Events and the user shall be governed by the Spanish legislation in force. Any controversy that may arise from the access or use of this website shall be submitted to the jurisdiction of the courts of the city of the domicile of Strato Events. <\/p>\n\t\t\t\t\t\t\t\t<\/div>\n\t\t\t\t<\/div>\n\t\t\t\t\t<\/div>\n\t\t\t\t<\/div>\n\t\t\t\t<\/div>\n\t\t","protected":false},"excerpt":{"rendered":"<p>The website https:\/\/stratoevents.com is the property of FRANCISCA PIZ\u00c1 PALMER, with NIF: 43079681Z, and domiciled at C\/ GREMI CIRURGIANS I BARBERS 25, block B 2.3, 07009. For any queries, you can contact us by e-mail at hello@stratoevents.com or by phone at 649764465. 1. Purpose This Legal Notice regulates the access, navigation and use of the [&hellip;]<\/p>\n","protected":false},"author":2,"featured_media":0,"parent":0,"menu_order":0,"comment_status":"closed","ping_status":"closed","template":"elementor_header_footer","meta":{"footnotes":""},"class_list":["post-3283","page","type-page","status-publish","hentry"],"yoast_head":"<!-- This site is optimized with the Yoast SEO Premium plugin v23.6 (Yoast SEO v25.8) - https:\/\/yoast.com\/wordpress\/plugins\/seo\/ -->\n<title>Strato | Corporate Events Planner |<\/title>\n<meta name=\"description\" content=\"Una empresa din\u00e1mica, pr\u00f3xima y emp\u00e1tica para la celebraci\u00f3n de un gran evento, con fuerte especializaci\u00f3n en los\u00a0principales destinos MICE de Espa\u00f1a. Nos hacemos responsables de la gesti\u00f3n integral de tu evento y de su buen fin.\" \/>\n<meta name=\"robots\" content=\"index, follow, max-snippet:-1, max-image-preview:large, max-video-preview:-1\" \/>\n<link rel=\"canonical\" href=\"https:\/\/stratoevents.com\/aviso-legal\/\" \/>\n<meta property=\"og:locale\" content=\"en_US\" \/>\n<meta property=\"og:type\" content=\"article\" \/>\n<meta property=\"og:title\" content=\"Legal Notice\" \/>\n<meta property=\"og:description\" content=\"Una empresa din\u00e1mica, pr\u00f3xima y emp\u00e1tica para la celebraci\u00f3n de un gran evento, con fuerte especializaci\u00f3n en los\u00a0principales destinos MICE de Espa\u00f1a. Nos hacemos responsables de la gesti\u00f3n integral de tu evento y de su buen fin.\" \/>\n<meta property=\"og:url\" content=\"https:\/\/stratoevents.com\/aviso-legal\/\" \/>\n<meta property=\"og:site_name\" content=\"Strato | Corporate Events Planner\" \/>\n<meta property=\"article:modified_time\" content=\"2024-10-22T10:27:26+00:00\" \/>\n<meta property=\"og:image\" content=\"https:\/\/stratoevents.com\/wp-content\/uploads\/2024\/11\/OG-S.png\" \/>\n\t<meta property=\"og:image:width\" content=\"2048\" \/>\n\t<meta property=\"og:image:height\" content=\"1152\" \/>\n\t<meta property=\"og:image:type\" content=\"image\/png\" \/>\n<meta name=\"twitter:card\" content=\"summary_large_image\" \/>\n<meta name=\"twitter:label1\" content=\"Est. reading time\" \/>\n\t<meta name=\"twitter:data1\" content=\"2 minutes\" \/>\n<script type=\"application\/ld+json\" class=\"yoast-schema-graph\">{\"@context\":\"https:\/\/schema.org\",\"@graph\":[{\"@type\":\"WebPage\",\"@id\":\"https:\/\/stratoevents.com\/aviso-legal\/\",\"url\":\"https:\/\/stratoevents.com\/aviso-legal\/\",\"name\":\"Strato | Corporate Events Planner |\",\"isPartOf\":{\"@id\":\"https:\/\/stratoevents.com\/#website\"},\"datePublished\":\"2024-10-21T15:32:47+00:00\",\"dateModified\":\"2024-10-22T10:27:26+00:00\",\"description\":\"Una empresa din\u00e1mica, pr\u00f3xima y emp\u00e1tica para la celebraci\u00f3n de un gran evento, con fuerte especializaci\u00f3n en los\u00a0principales destinos MICE de Espa\u00f1a. Nos hacemos responsables de la gesti\u00f3n integral de tu evento y de su buen fin.\",\"breadcrumb\":{\"@id\":\"https:\/\/stratoevents.com\/aviso-legal\/#breadcrumb\"},\"inLanguage\":\"en-US\",\"potentialAction\":[{\"@type\":\"ReadAction\",\"target\":[\"https:\/\/stratoevents.com\/aviso-legal\/\"]}]},{\"@type\":\"BreadcrumbList\",\"@id\":\"https:\/\/stratoevents.com\/aviso-legal\/#breadcrumb\",\"itemListElement\":[{\"@type\":\"ListItem\",\"position\":1,\"name\":\"Home\",\"item\":\"https:\/\/stratoevents.com\/en\/events\/\"},{\"@type\":\"ListItem\",\"position\":2,\"name\":\"Legal Notice\"}]},{\"@type\":\"WebSite\",\"@id\":\"https:\/\/stratoevents.com\/#website\",\"url\":\"https:\/\/stratoevents.com\/\",\"name\":\"Strato\",\"description\":\"Tu \u00e9xito es el nuestro. Viv\u00e1moslo juntos.\",\"publisher\":{\"@id\":\"https:\/\/stratoevents.com\/#organization\"},\"alternateName\":\"Strato Events\",\"potentialAction\":[{\"@type\":\"SearchAction\",\"target\":{\"@type\":\"EntryPoint\",\"urlTemplate\":\"https:\/\/stratoevents.com\/?s={search_term_string}\"},\"query-input\":{\"@type\":\"PropertyValueSpecification\",\"valueRequired\":true,\"valueName\":\"search_term_string\"}}],\"inLanguage\":\"en-US\"},{\"@type\":\"Organization\",\"@id\":\"https:\/\/stratoevents.com\/#organization\",\"name\":\"Strato Events\",\"alternateName\":\"Strato Events\",\"url\":\"https:\/\/stratoevents.com\/\",\"logo\":{\"@type\":\"ImageObject\",\"inLanguage\":\"en-US\",\"@id\":\"https:\/\/stratoevents.com\/#\/schema\/logo\/image\/\",\"url\":\"https:\/\/stratoevents.com\/wp-content\/uploads\/2022\/01\/AF_STRATO_SAND_POS1.png\",\"contentUrl\":\"https:\/\/stratoevents.com\/wp-content\/uploads\/2022\/01\/AF_STRATO_SAND_POS1.png\",\"width\":1794,\"height\":2034,\"caption\":\"Strato Events\"},\"image\":{\"@id\":\"https:\/\/stratoevents.com\/#\/schema\/logo\/image\/\"}}]}<\/script>\n<!-- \/ Yoast SEO Premium plugin. -->","yoast_head_json":{"title":"Strato | Corporate Events Planner |","description":"Una empresa din\u00e1mica, pr\u00f3xima y emp\u00e1tica para la celebraci\u00f3n de un gran evento, con fuerte especializaci\u00f3n en los\u00a0principales destinos MICE de Espa\u00f1a. Nos hacemos responsables de la gesti\u00f3n integral de tu evento y de su buen fin.","robots":{"index":"index","follow":"follow","max-snippet":"max-snippet:-1","max-image-preview":"max-image-preview:large","max-video-preview":"max-video-preview:-1"},"canonical":"https:\/\/stratoevents.com\/aviso-legal\/","og_locale":"en_US","og_type":"article","og_title":"Legal Notice","og_description":"Una empresa din\u00e1mica, pr\u00f3xima y emp\u00e1tica para la celebraci\u00f3n de un gran evento, con fuerte especializaci\u00f3n en los\u00a0principales destinos MICE de Espa\u00f1a. Nos hacemos responsables de la gesti\u00f3n integral de tu evento y de su buen fin.","og_url":"https:\/\/stratoevents.com\/aviso-legal\/","og_site_name":"Strato | Corporate Events Planner","article_modified_time":"2024-10-22T10:27:26+00:00","og_image":[{"width":2048,"height":1152,"url":"https:\/\/stratoevents.com\/wp-content\/uploads\/2024\/11\/OG-S.png","type":"image\/png"}],"twitter_card":"summary_large_image","twitter_misc":{"Est. reading time":"2 minutes"},"schema":{"@context":"https:\/\/schema.org","@graph":[{"@type":"WebPage","@id":"https:\/\/stratoevents.com\/aviso-legal\/","url":"https:\/\/stratoevents.com\/aviso-legal\/","name":"Strato | Corporate Events Planner |","isPartOf":{"@id":"https:\/\/stratoevents.com\/#website"},"datePublished":"2024-10-21T15:32:47+00:00","dateModified":"2024-10-22T10:27:26+00:00","description":"Una empresa din\u00e1mica, pr\u00f3xima y emp\u00e1tica para la celebraci\u00f3n de un gran evento, con fuerte especializaci\u00f3n en los\u00a0principales destinos MICE de Espa\u00f1a. Nos hacemos responsables de la gesti\u00f3n integral de tu evento y de su buen fin.","breadcrumb":{"@id":"https:\/\/stratoevents.com\/aviso-legal\/#breadcrumb"},"inLanguage":"en-US","potentialAction":[{"@type":"ReadAction","target":["https:\/\/stratoevents.com\/aviso-legal\/"]}]},{"@type":"BreadcrumbList","@id":"https:\/\/stratoevents.com\/aviso-legal\/#breadcrumb","itemListElement":[{"@type":"ListItem","position":1,"name":"Home","item":"https:\/\/stratoevents.com\/en\/events\/"},{"@type":"ListItem","position":2,"name":"Legal Notice"}]},{"@type":"WebSite","@id":"https:\/\/stratoevents.com\/#website","url":"https:\/\/stratoevents.com\/","name":"Strato","description":"Tu \u00e9xito es el nuestro. Viv\u00e1moslo juntos.","publisher":{"@id":"https:\/\/stratoevents.com\/#organization"},"alternateName":"Strato Events","potentialAction":[{"@type":"SearchAction","target":{"@type":"EntryPoint","urlTemplate":"https:\/\/stratoevents.com\/?s={search_term_string}"},"query-input":{"@type":"PropertyValueSpecification","valueRequired":true,"valueName":"search_term_string"}}],"inLanguage":"en-US"},{"@type":"Organization","@id":"https:\/\/stratoevents.com\/#organization","name":"Strato Events","alternateName":"Strato Events","url":"https:\/\/stratoevents.com\/","logo":{"@type":"ImageObject","inLanguage":"en-US","@id":"https:\/\/stratoevents.com\/#\/schema\/logo\/image\/","url":"https:\/\/stratoevents.com\/wp-content\/uploads\/2022\/01\/AF_STRATO_SAND_POS1.png","contentUrl":"https:\/\/stratoevents.com\/wp-content\/uploads\/2022\/01\/AF_STRATO_SAND_POS1.png","width":1794,"height":2034,"caption":"Strato Events"},"image":{"@id":"https:\/\/stratoevents.com\/#\/schema\/logo\/image\/"}}]}},"_links":{"self":[{"href":"https:\/\/stratoevents.com\/en\/wp-json\/wp\/v2\/pages\/3283","targetHints":{"allow":["GET"]}}],"collection":[{"href":"https:\/\/stratoevents.com\/en\/wp-json\/wp\/v2\/pages"}],"about":[{"href":"https:\/\/stratoevents.com\/en\/wp-json\/wp\/v2\/types\/page"}],"author":[{"embeddable":true,"href":"https:\/\/stratoevents.com\/en\/wp-json\/wp\/v2\/users\/2"}],"replies":[{"embeddable":true,"href":"https:\/\/stratoevents.com\/en\/wp-json\/wp\/v2\/comments?post=3283"}],"version-history":[{"count":1,"href":"https:\/\/stratoevents.com\/en\/wp-json\/wp\/v2\/pages\/3283\/revisions"}],"predecessor-version":[{"id":3284,"href":"https:\/\/stratoevents.com\/en\/wp-json\/wp\/v2\/pages\/3283\/revisions\/3284"}],"wp:attachment":[{"href":"https:\/\/stratoevents.com\/en\/wp-json\/wp\/v2\/media?parent=3283"}],"curies":[{"name":"wp","href":"https:\/\/api.w.org\/{rel}","templated":true}]}}